{"id":336,"date":"2024-08-10T16:26:21","date_gmt":"2024-08-10T16:26:21","guid":{"rendered":"https:\/\/solutek-wp.laralink.com\/?page_id=336"},"modified":"2025-05-27T10:35:27","modified_gmt":"2025-05-27T07:35:27","slug":"blog-grid","status":"publish","type":"page","link":"https:\/\/www.accofire.com\/blog\/","title":{"rendered":"Acco Blog"},"content":{"rendered":"\t\t<div data-elementor-type=\"wp-page\" data-elementor-id=\"336\" class=\"elementor elementor-336\" data-elementor-post-type=\"page\">\n\t\t\t\t<div class=\"elementor-element elementor-element-9b2f5e5 e-con-full e-flex e-con e-parent\" data-id=\"9b2f5e5\" data-element_type=\"container\">\n\t\t\t\t<div class=\"elementor-element elementor-element-facb603 elementor-widget elementor-widget-page-banner\" data-id=\"facb603\" data-element_type=\"widget\" data-widget_type=\"page-banner.default\">\n\t\t\t\t<div class=\"elementor-widget-container\">\n\t\t\t\t\t\r\n        <div class=\"breadcumb-area about\" data-src=\"https:\/\/www.accofire.com\/blog\/wp-content\/uploads\/2024\/08\/breadcumb-bg.png\">\r\n            <div class=\"container\">\r\n                <div class=\"row\">\r\n                    <div class=\"col-lg-12\">\r\n                        <div class=\"breadcumb-content\">\r\n                            <h4>Acco Blog<\/h4>\r\n                                                        <ul class=\"breadcumb-list\">\r\n                                <li><a href=\"index.html\">Home<\/a><\/li>\r\n                                <li class=\"list-arrow\">&lt;<\/li>\r\n                                <li>Acco Blog<\/li>\r\n                            <\/ul>\r\n                                                    <\/div>\r\n                    <\/div>\r\n                <\/div>\r\n            <\/div>\r\n        <\/div>\r\n\r\n    \t\t\t\t<\/div>\n\t\t\t\t<\/div>\n\t\t\t\t<\/div>\n\t\t<div class=\"elementor-element elementor-element-763930d e-con-full e-flex e-con e-parent\" data-id=\"763930d\" data-element_type=\"container\">\n\t\t\t\t<div class=\"elementor-element elementor-element-73c5b2a elementor-widget elementor-widget-blogpost\" data-id=\"73c5b2a\" data-element_type=\"widget\" data-widget_type=\"blogpost.default\">\n\t\t\t\t<div class=\"elementor-widget-container\">\n\t\t\t\t\t\r\n        \r\n        \r\n        <div class=\"blog-area blog-post-style style-grid\">\r\n            <div class=\"container\">\r\n                <div class=\"row\">\r\n                                            <div class=\"col-lg-4 col-md-6\">\r\n                            <div class=\"single-blog-box\">\r\n                                <div class=\"single-blog-thumb\">\r\n                                                                    <\/div>\r\n                                <div class=\"blog-box-content\">\r\n                                   <div class=\"meta-blog\">\r\n                                      <a href=\"https:\/\/www.accofire.com\/blog\/sanayi-tesislerinde-yangin-guvenligi-nasil-saglanmali\/\"><span><i class=\"far fa-user\"><\/i>By admin<\/span><\/a>\r\n                                      <p><span><img title=\"Bina D\u0131\u015f\u0131 Yang\u0131n Dolaplar\u0131 Yang\u0131n Dolab\u0131 \"decoding=\"async\" src=\"https:\/\/www.accofire.com\/blog\/wp-content\/themes\/solutek\/assets\/images\/inner\/grid-calen.png\" alt=\"Bina D\u0131\u015f\u0131 Yang\u0131n Dolaplar\u0131 Yang\u0131n Dolab\u0131 \"><\/span><span>Ara 26, 2025<\/span><\/p>\r\n                                    <\/div>\r\n                                    <h3><a href=\"https:\/\/www.accofire.com\/blog\/sanayi-tesislerinde-yangin-guvenligi-nasil-saglanmali\/\">Sanayi Tesislerinde Yang\u0131n G\u00fcvenli\u011fi Nas\u0131l Sa\u011flanmal\u0131?                                    <\/a><\/h3>\r\n                                    <div class=\"blog-button\">\r\n                                        <a href=\"https:\/\/www.accofire.com\/blog\/sanayi-tesislerinde-yangin-guvenligi-nasil-saglanmali\/\">READ MORE<i class=\"bi bi-arrow-right\"><\/i><\/a>\r\n                                    <\/div>\r\n                                <\/div>\r\n                            <\/div>\r\n                        <\/div>\r\n                                             <div class=\"col-lg-4 col-md-6\">\r\n                            <div class=\"single-blog-box\">\r\n                                <div class=\"single-blog-thumb\">\r\n                                                                    <\/div>\r\n                                <div class=\"blog-box-content\">\r\n                                   <div class=\"meta-blog\">\r\n                                      <a href=\"https:\/\/www.accofire.com\/blog\/yangin-aninda-hayat-kurtaran-dogru-davranislar-bilmeniz-gereken-kritik-kurallar\/\"><span><i class=\"far fa-user\"><\/i>By admin<\/span><\/a>\r\n                                      <p><span><img title=\"Bina D\u0131\u015f\u0131 Yang\u0131n Dolaplar\u0131 Yang\u0131n Dolab\u0131 \"decoding=\"async\" src=\"https:\/\/www.accofire.com\/blog\/wp-content\/themes\/solutek\/assets\/images\/inner\/grid-calen.png\" alt=\"Bina D\u0131\u015f\u0131 Yang\u0131n Dolaplar\u0131 Yang\u0131n Dolab\u0131 \"><\/span><span>Ara 24, 2025<\/span><\/p>\r\n                                    <\/div>\r\n                                    <h3><a href=\"https:\/\/www.accofire.com\/blog\/yangin-aninda-hayat-kurtaran-dogru-davranislar-bilmeniz-gereken-kritik-kurallar\/\">Yang\u0131n An\u0131nda Hayat Kurtaran Do\u011fru Davran\u0131\u015flar: Bilmeniz Gereken Kritik Kurallar                                    <\/a><\/h3>\r\n                                    <div class=\"blog-button\">\r\n                                        <a href=\"https:\/\/www.accofire.com\/blog\/yangin-aninda-hayat-kurtaran-dogru-davranislar-bilmeniz-gereken-kritik-kurallar\/\">READ MORE<i class=\"bi bi-arrow-right\"><\/i><\/a>\r\n                                    <\/div>\r\n                                <\/div>\r\n                            <\/div>\r\n                        <\/div>\r\n                                             <div class=\"col-lg-4 col-md-6\">\r\n                            <div class=\"single-blog-box\">\r\n                                <div class=\"single-blog-thumb\">\r\n                                                                    <\/div>\r\n                                <div class=\"blog-box-content\">\r\n                                   <div class=\"meta-blog\">\r\n                                      <a href=\"https:\/\/www.accofire.com\/blog\/yangin-dolabi-nerelerde-zorunludur\/\"><span><i class=\"far fa-user\"><\/i>By admin<\/span><\/a>\r\n                                      <p><span><img title=\"Bina D\u0131\u015f\u0131 Yang\u0131n Dolaplar\u0131 Yang\u0131n Dolab\u0131 \"decoding=\"async\" src=\"https:\/\/www.accofire.com\/blog\/wp-content\/themes\/solutek\/assets\/images\/inner\/grid-calen.png\" alt=\"Bina D\u0131\u015f\u0131 Yang\u0131n Dolaplar\u0131 Yang\u0131n Dolab\u0131 \"><\/span><span>Ara 22, 2025<\/span><\/p>\r\n                                    <\/div>\r\n                                    <h3><a href=\"https:\/\/www.accofire.com\/blog\/yangin-dolabi-nerelerde-zorunludur\/\">Yang\u0131n Dolab\u0131 Nerelerde Zorunludur?                                    <\/a><\/h3>\r\n                                    <div class=\"blog-button\">\r\n                                        <a href=\"https:\/\/www.accofire.com\/blog\/yangin-dolabi-nerelerde-zorunludur\/\">READ MORE<i class=\"bi bi-arrow-right\"><\/i><\/a>\r\n                                    <\/div>\r\n                                <\/div>\r\n                            <\/div>\r\n                        <\/div>\r\n                                             <div class=\"col-lg-4 col-md-6\">\r\n                            <div class=\"single-blog-box\">\r\n                                <div class=\"single-blog-thumb\">\r\n                                    <img decoding=\"async\" title=\"Bina D\u0131\u015f\u0131 Yang\u0131n Dolaplar\u0131 Yang\u0131n Dolab\u0131 \"width=\"1024\" height=\"683\" src=\"https:\/\/www.accofire.com\/blog\/wp-content\/uploads\/2025\/11\/Bina-Disi-Yangin-Dolabi-Secerken-Nelere-Dikkat-Edilmelidir_.jpg\" class=\"attachment-1050 size-1050 wp-post-image\" alt=\"Bina D\u0131\u015f\u0131 Yang\u0131n Dolaplar\u0131 Yang\u0131n Dolab\u0131 \" thumbnail=\"\" srcset=\"https:\/\/www.accofire.com\/blog\/wp-content\/uploads\/2025\/11\/Bina-Disi-Yangin-Dolabi-Secerken-Nelere-Dikkat-Edilmelidir_.jpg 1024w, https:\/\/www.accofire.com\/blog\/wp-content\/uploads\/2025\/11\/Bina-Disi-Yangin-Dolabi-Secerken-Nelere-Dikkat-Edilmelidir_-300x200.jpg 300w, https:\/\/www.accofire.com\/blog\/wp-content\/uploads\/2025\/11\/Bina-Disi-Yangin-Dolabi-Secerken-Nelere-Dikkat-Edilmelidir_-768x512.jpg 768w\" sizes=\"(max-width: 1024px) 100vw, 1024px\" \/>                                <\/div>\r\n                                <div class=\"blog-box-content\">\r\n                                   <div class=\"meta-blog\">\r\n                                      <a href=\"https:\/\/www.accofire.com\/blog\/bina-disi-yangin-dolabi-secerken-nelere-dikkat-edilmelidir\/\"><span><i class=\"far fa-user\"><\/i>By admin<\/span><\/a>\r\n                                      <p><span><img title=\"Bina D\u0131\u015f\u0131 Yang\u0131n Dolaplar\u0131 Yang\u0131n Dolab\u0131 \"decoding=\"async\" src=\"https:\/\/www.accofire.com\/blog\/wp-content\/themes\/solutek\/assets\/images\/inner\/grid-calen.png\" alt=\"Bina D\u0131\u015f\u0131 Yang\u0131n Dolaplar\u0131 Yang\u0131n Dolab\u0131 \"><\/span><span>Kas 24, 2025<\/span><\/p>\r\n                                    <\/div>\r\n                                    <h3><a href=\"https:\/\/www.accofire.com\/blog\/bina-disi-yangin-dolabi-secerken-nelere-dikkat-edilmelidir\/\">Bina D\u0131\u015f\u0131 Yang\u0131n Dolab\u0131 Se\u00e7erken Nelere Dikkat Edilmelidir ?                                    <\/a><\/h3>\r\n                                    <div class=\"blog-button\">\r\n                                        <a href=\"https:\/\/www.accofire.com\/blog\/bina-disi-yangin-dolabi-secerken-nelere-dikkat-edilmelidir\/\">READ MORE<i class=\"bi bi-arrow-right\"><\/i><\/a>\r\n                                    <\/div>\r\n                                <\/div>\r\n                            <\/div>\r\n                        <\/div>\r\n                                             <div class=\"col-lg-4 col-md-6\">\r\n                            <div class=\"single-blog-box\">\r\n                                <div class=\"single-blog-thumb\">\r\n                                    <img decoding=\"async\" title=\"Bina D\u0131\u015f\u0131 Yang\u0131n Dolaplar\u0131 Yang\u0131n Dolab\u0131 \"width=\"1024\" height=\"683\" src=\"https:\/\/www.accofire.com\/blog\/wp-content\/uploads\/2025\/11\/Yangin-Makaralari.jpg\" class=\"attachment-1048 size-1048 wp-post-image\" alt=\"Bina D\u0131\u015f\u0131 Yang\u0131n Dolaplar\u0131 Yang\u0131n Dolab\u0131 \" thumbnail=\"\" srcset=\"https:\/\/www.accofire.com\/blog\/wp-content\/uploads\/2025\/11\/Yangin-Makaralari.jpg 1024w, https:\/\/www.accofire.com\/blog\/wp-content\/uploads\/2025\/11\/Yangin-Makaralari-300x200.jpg 300w, https:\/\/www.accofire.com\/blog\/wp-content\/uploads\/2025\/11\/Yangin-Makaralari-768x512.jpg 768w\" sizes=\"(max-width: 1024px) 100vw, 1024px\" \/>                                <\/div>\r\n                                <div class=\"blog-box-content\">\r\n                                   <div class=\"meta-blog\">\r\n                                      <a href=\"https:\/\/www.accofire.com\/blog\/yangin-makaralari-acco-roller-serisi\/\"><span><i class=\"far fa-user\"><\/i>By admin<\/span><\/a>\r\n                                      <p><span><img title=\"Bina D\u0131\u015f\u0131 Yang\u0131n Dolaplar\u0131 Yang\u0131n Dolab\u0131 \"decoding=\"async\" src=\"https:\/\/www.accofire.com\/blog\/wp-content\/themes\/solutek\/assets\/images\/inner\/grid-calen.png\" alt=\"Bina D\u0131\u015f\u0131 Yang\u0131n Dolaplar\u0131 Yang\u0131n Dolab\u0131 \"><\/span><span>Kas 19, 2025<\/span><\/p>\r\n                                    <\/div>\r\n                                    <h3><a href=\"https:\/\/www.accofire.com\/blog\/yangin-makaralari-acco-roller-serisi\/\">Yang\u0131n Makaralar\u0131 ACCO Roller Serisi                                    <\/a><\/h3>\r\n                                    <div class=\"blog-button\">\r\n                                        <a href=\"https:\/\/www.accofire.com\/blog\/yangin-makaralari-acco-roller-serisi\/\">READ MORE<i class=\"bi bi-arrow-right\"><\/i><\/a>\r\n                                    <\/div>\r\n                                <\/div>\r\n                            <\/div>\r\n                        <\/div>\r\n                                             <div class=\"col-lg-4 col-md-6\">\r\n                            <div class=\"single-blog-box\">\r\n                                <div class=\"single-blog-thumb\">\r\n                                    <img decoding=\"async\" title=\"Bina D\u0131\u015f\u0131 Yang\u0131n Dolaplar\u0131 Yang\u0131n Dolab\u0131 \"width=\"1024\" height=\"683\" src=\"https:\/\/www.accofire.com\/blog\/wp-content\/uploads\/2025\/11\/Bina-Disi-Yangin-Dolaplari_.jpg\" class=\"attachment-1038 size-1038 wp-post-image\" alt=\"Bina D\u0131\u015f\u0131 Yang\u0131n Dolaplar\u0131 Yang\u0131n Dolab\u0131 \" thumbnail=\"\" srcset=\"https:\/\/www.accofire.com\/blog\/wp-content\/uploads\/2025\/11\/Bina-Disi-Yangin-Dolaplari_.jpg 1024w, https:\/\/www.accofire.com\/blog\/wp-content\/uploads\/2025\/11\/Bina-Disi-Yangin-Dolaplari_-300x200.jpg 300w, https:\/\/www.accofire.com\/blog\/wp-content\/uploads\/2025\/11\/Bina-Disi-Yangin-Dolaplari_-768x512.jpg 768w\" sizes=\"(max-width: 1024px) 100vw, 1024px\" \/>                                <\/div>\r\n                                <div class=\"blog-box-content\">\r\n                                   <div class=\"meta-blog\">\r\n                                      <a href=\"https:\/\/www.accofire.com\/blog\/bina-disi-yangin-dolaplari\/\"><span><i class=\"far fa-user\"><\/i>By admin<\/span><\/a>\r\n                                      <p><span><img title=\"Bina D\u0131\u015f\u0131 Yang\u0131n Dolaplar\u0131 Yang\u0131n Dolab\u0131 \"decoding=\"async\" src=\"https:\/\/www.accofire.com\/blog\/wp-content\/themes\/solutek\/assets\/images\/inner\/grid-calen.png\" alt=\"Bina D\u0131\u015f\u0131 Yang\u0131n Dolaplar\u0131 Yang\u0131n Dolab\u0131 \"><\/span><span>Kas 5, 2025<\/span><\/p>\r\n                                    <\/div>\r\n                                    <h3><a href=\"https:\/\/www.accofire.com\/blog\/bina-disi-yangin-dolaplari\/\">Bina D\u0131\u015f\u0131 Yang\u0131n Dolaplar\u0131                                    <\/a><\/h3>\r\n                                    <div class=\"blog-button\">\r\n                                        <a href=\"https:\/\/www.accofire.com\/blog\/bina-disi-yangin-dolaplari\/\">READ MORE<i class=\"bi bi-arrow-right\"><\/i><\/a>\r\n                                    <\/div>\r\n                                <\/div>\r\n                            <\/div>\r\n                        <\/div>\r\n                                     <\/div>\r\n            <\/div>\r\n        <\/div>\r\n\r\n        \r\n\r\n        \r\n\r\n       \t\t\t\t<\/div>\n\t\t\t\t<\/div>\n\t\t\t\t<\/div>\n\t\t\t\t<\/div>\n\t\t","protected":false},"excerpt":{"rendered":"<p>Blog Grid Home &lt; Blog Grid By solutek Aug 10, 2024 Balancing AI Innovation with Ethical Standards READ MORE By solutek Aug 10, 2024 Your Business Safe &amp; Ensure High Handiness READ MORE By solutek Aug 10, 2024 UX\/UI Designing the Future Web Design READ MORE By solutek Aug 10, 2024 How to Create Modern [&hellip;]<\/p>\n","protected":false},"author":1,"featured_media":0,"parent":0,"menu_order":0,"comment_status":"closed","ping_status":"closed","template":"elementor_header_footer","meta":{"_acf_changed":false,"_monsterinsights_skip_tracking":false,"_monsterinsights_sitenote_active":false,"_monsterinsights_sitenote_note":"","_monsterinsights_sitenote_category":0,"footnotes":""},"class_list":["post-336","page","type-page","status-publish","hentry"],"acf":[],"yoast_head":"<!-- This site is optimized with the Yoast SEO Premium plugin v25.0 (Yoast SEO v25.2) - https:\/\/yoast.com\/wordpress\/plugins\/seo\/ -->\n<title>Acco Blog - Acco Fire Solutions<\/title>\n<meta name=\"robots\" content=\"index, follow, max-snippet:-1, max-image-preview:large, max-video-preview:-1\" \/>\n<link rel=\"canonical\" href=\"https:\/\/www.accofire.com\/blog\/\" \/>\n<meta property=\"og:locale\" content=\"tr_TR\" \/>\n<meta property=\"og:type\" content=\"article\" \/>\n<meta property=\"og:title\" content=\"Acco Blog\" \/>\n<meta property=\"og:description\" content=\"Blog Grid Home &lt; Blog Grid By solutek Aug 10, 2024 Balancing AI Innovation with Ethical Standards READ MORE By solutek Aug 10, 2024 Your Business Safe &amp; Ensure High Handiness READ MORE By solutek Aug 10, 2024 UX\/UI Designing the Future Web Design READ MORE By solutek Aug 10, 2024 How to Create Modern [&hellip;]\" \/>\n<meta property=\"og:url\" content=\"https:\/\/www.accofire.com\/blog\/\" \/>\n<meta property=\"og:site_name\" content=\"Acco Fire Solutions\" \/>\n<meta property=\"article:publisher\" content=\"https:\/\/facebook.com\/accofire\" \/>\n<meta property=\"article:modified_time\" content=\"2025-05-27T07:35:27+00:00\" \/>\n<meta property=\"og:image\" content=\"https:\/\/www.accofire.com\/blog\/wp-content\/uploads\/2024\/08\/2149241224.jpg\" \/>\n<meta name=\"twitter:card\" content=\"summary_large_image\" \/>\n<meta name=\"twitter:site\" content=\"@accofire\" \/>\n<script type=\"application\/ld+json\" class=\"yoast-schema-graph\">{\"@context\":\"https:\/\/schema.org\",\"@graph\":[{\"@type\":\"WebPage\",\"@id\":\"https:\/\/www.accofire.com\/blog\/\",\"url\":\"https:\/\/www.accofire.com\/blog\/\",\"name\":\"Acco Blog - Acco Fire Solutions\",\"isPartOf\":{\"@id\":\"https:\/\/www.accofire.com\/blog\/#website\"},\"primaryImageOfPage\":{\"@id\":\"https:\/\/www.accofire.com\/blog\/#primaryimage\"},\"image\":{\"@id\":\"https:\/\/www.accofire.com\/blog\/#primaryimage\"},\"thumbnailUrl\":\"https:\/\/www.accofire.com\/blog\/wp-content\/uploads\/2024\/08\/2149241224.jpg\",\"datePublished\":\"2024-08-10T16:26:21+00:00\",\"dateModified\":\"2025-05-27T07:35:27+00:00\",\"breadcrumb\":{\"@id\":\"https:\/\/www.accofire.com\/blog\/#breadcrumb\"},\"inLanguage\":\"tr\",\"potentialAction\":[{\"@type\":\"ReadAction\",\"target\":[\"https:\/\/www.accofire.com\/blog\/\"]}]},{\"@type\":\"ImageObject\",\"inLanguage\":\"tr\",\"@id\":\"https:\/\/www.accofire.com\/blog\/#primaryimage\",\"url\":\"https:\/\/www.accofire.com\/blog\/wp-content\/uploads\/2024\/08\/2149241224.jpg\",\"contentUrl\":\"https:\/\/www.accofire.com\/blog\/wp-content\/uploads\/2024\/08\/2149241224.jpg\",\"width\":1000,\"height\":667},{\"@type\":\"BreadcrumbList\",\"@id\":\"https:\/\/www.accofire.com\/blog\/#breadcrumb\",\"itemListElement\":[{\"@type\":\"ListItem\",\"position\":1,\"name\":\"Anasayfa\",\"item\":\"https:\/\/www.accofire.com\/blog\/\"},{\"@type\":\"ListItem\",\"position\":2,\"name\":\"Acco Blog\"}]},{\"@type\":\"WebSite\",\"@id\":\"https:\/\/www.accofire.com\/blog\/#website\",\"url\":\"https:\/\/www.accofire.com\/blog\/\",\"name\":\"Acco Fire Solutions\",\"description\":\"Yang\u0131n Dolaplar\u0131 ve Mobil Yang\u0131n S\u00f6nd\u00fcrme Ekipmanlar\u0131\",\"publisher\":{\"@id\":\"https:\/\/www.accofire.com\/blog\/#organization\"},\"potentialAction\":[{\"@type\":\"SearchAction\",\"target\":{\"@type\":\"EntryPoint\",\"urlTemplate\":\"https:\/\/www.accofire.com\/blog\/?s={search_term_string}\"},\"query-input\":{\"@type\":\"PropertyValueSpecification\",\"valueRequired\":true,\"valueName\":\"search_term_string\"}}],\"inLanguage\":\"tr\"},{\"@type\":\"Organization\",\"@id\":\"https:\/\/www.accofire.com\/blog\/#organization\",\"name\":\"Acco Fire Solutions\",\"url\":\"https:\/\/www.accofire.com\/blog\/\",\"logo\":{\"@type\":\"ImageObject\",\"inLanguage\":\"tr\",\"@id\":\"https:\/\/www.accofire.com\/blog\/#\/schema\/logo\/image\/\",\"url\":\"https:\/\/www.accofire.com\/blog\/wp-content\/uploads\/2025\/05\/cropped-acco-logo-1.png\",\"contentUrl\":\"https:\/\/www.accofire.com\/blog\/wp-content\/uploads\/2025\/05\/cropped-acco-logo-1.png\",\"width\":123,\"height\":123,\"caption\":\"Acco Fire Solutions\"},\"image\":{\"@id\":\"https:\/\/www.accofire.com\/blog\/#\/schema\/logo\/image\/\"},\"sameAs\":[\"https:\/\/facebook.com\/accofire\",\"https:\/\/x.com\/accofire\"]}]}<\/script>\n<!-- \/ Yoast SEO Premium plugin. -->","yoast_head_json":{"title":"Acco Blog - Acco Fire Solutions","robots":{"index":"index","follow":"follow","max-snippet":"max-snippet:-1","max-image-preview":"max-image-preview:large","max-video-preview":"max-video-preview:-1"},"canonical":"https:\/\/www.accofire.com\/blog\/","og_locale":"tr_TR","og_type":"article","og_title":"Acco Blog","og_description":"Blog Grid Home &lt; Blog Grid By solutek Aug 10, 2024 Balancing AI Innovation with Ethical Standards READ MORE By solutek Aug 10, 2024 Your Business Safe &amp; Ensure High Handiness READ MORE By solutek Aug 10, 2024 UX\/UI Designing the Future Web Design READ MORE By solutek Aug 10, 2024 How to Create Modern [&hellip;]","og_url":"https:\/\/www.accofire.com\/blog\/","og_site_name":"Acco Fire Solutions","article_publisher":"https:\/\/facebook.com\/accofire","article_modified_time":"2025-05-27T07:35:27+00:00","og_image":[{"url":"https:\/\/www.accofire.com\/blog\/wp-content\/uploads\/2024\/08\/2149241224.jpg","type":"","width":"","height":""}],"twitter_card":"summary_large_image","twitter_site":"@accofire","schema":{"@context":"https:\/\/schema.org","@graph":[{"@type":"WebPage","@id":"https:\/\/www.accofire.com\/blog\/","url":"https:\/\/www.accofire.com\/blog\/","name":"Acco Blog - Acco Fire Solutions","isPartOf":{"@id":"https:\/\/www.accofire.com\/blog\/#website"},"primaryImageOfPage":{"@id":"https:\/\/www.accofire.com\/blog\/#primaryimage"},"image":{"@id":"https:\/\/www.accofire.com\/blog\/#primaryimage"},"thumbnailUrl":"https:\/\/www.accofire.com\/blog\/wp-content\/uploads\/2024\/08\/2149241224.jpg","datePublished":"2024-08-10T16:26:21+00:00","dateModified":"2025-05-27T07:35:27+00:00","breadcrumb":{"@id":"https:\/\/www.accofire.com\/blog\/#breadcrumb"},"inLanguage":"tr","potentialAction":[{"@type":"ReadAction","target":["https:\/\/www.accofire.com\/blog\/"]}]},{"@type":"ImageObject","inLanguage":"tr","@id":"https:\/\/www.accofire.com\/blog\/#primaryimage","url":"https:\/\/www.accofire.com\/blog\/wp-content\/uploads\/2024\/08\/2149241224.jpg","contentUrl":"https:\/\/www.accofire.com\/blog\/wp-content\/uploads\/2024\/08\/2149241224.jpg","width":1000,"height":667},{"@type":"BreadcrumbList","@id":"https:\/\/www.accofire.com\/blog\/#breadcrumb","itemListElement":[{"@type":"ListItem","position":1,"name":"Anasayfa","item":"https:\/\/www.accofire.com\/blog\/"},{"@type":"ListItem","position":2,"name":"Acco Blog"}]},{"@type":"WebSite","@id":"https:\/\/www.accofire.com\/blog\/#website","url":"https:\/\/www.accofire.com\/blog\/","name":"Acco Fire Solutions","description":"Yang\u0131n Dolaplar\u0131 ve Mobil Yang\u0131n S\u00f6nd\u00fcrme Ekipmanlar\u0131","publisher":{"@id":"https:\/\/www.accofire.com\/blog\/#organization"},"potentialAction":[{"@type":"SearchAction","target":{"@type":"EntryPoint","urlTemplate":"https:\/\/www.accofire.com\/blog\/?s={search_term_string}"},"query-input":{"@type":"PropertyValueSpecification","valueRequired":true,"valueName":"search_term_string"}}],"inLanguage":"tr"},{"@type":"Organization","@id":"https:\/\/www.accofire.com\/blog\/#organization","name":"Acco Fire Solutions","url":"https:\/\/www.accofire.com\/blog\/","logo":{"@type":"ImageObject","inLanguage":"tr","@id":"https:\/\/www.accofire.com\/blog\/#\/schema\/logo\/image\/","url":"https:\/\/www.accofire.com\/blog\/wp-content\/uploads\/2025\/05\/cropped-acco-logo-1.png","contentUrl":"https:\/\/www.accofire.com\/blog\/wp-content\/uploads\/2025\/05\/cropped-acco-logo-1.png","width":123,"height":123,"caption":"Acco Fire Solutions"},"image":{"@id":"https:\/\/www.accofire.com\/blog\/#\/schema\/logo\/image\/"},"sameAs":["https:\/\/facebook.com\/accofire","https:\/\/x.com\/accofire"]}]}},"_links":{"self":[{"href":"https:\/\/www.accofire.com\/blog\/wp-json\/wp\/v2\/pages\/336","targetHints":{"allow":["GET"]}}],"collection":[{"href":"https:\/\/www.accofire.com\/blog\/wp-json\/wp\/v2\/pages"}],"about":[{"href":"https:\/\/www.accofire.com\/blog\/wp-json\/wp\/v2\/types\/page"}],"author":[{"embeddable":true,"href":"https:\/\/www.accofire.com\/blog\/wp-json\/wp\/v2\/users\/1"}],"replies":[{"embeddable":true,"href":"https:\/\/www.accofire.com\/blog\/wp-json\/wp\/v2\/comments?post=336"}],"version-history":[{"count":10,"href":"https:\/\/www.accofire.com\/blog\/wp-json\/wp\/v2\/pages\/336\/revisions"}],"predecessor-version":[{"id":837,"href":"https:\/\/www.accofire.com\/blog\/wp-json\/wp\/v2\/pages\/336\/revisions\/837"}],"wp:attachment":[{"href":"https:\/\/www.accofire.com\/blog\/wp-json\/wp\/v2\/media?parent=336"}],"curies":[{"name":"wp","href":"https:\/\/api.w.org\/{rel}","templated":true}]}}